{"id":22,"date":"2022-05-18T21:08:54","date_gmt":"2022-05-18T21:08:54","guid":{"rendered":"https:\/\/edeq.com.br\/wp\/41edeq\/?page_id=22"},"modified":"2022-10-07T15:04:05","modified_gmt":"2022-10-07T15:04:05","slug":"local-do-evento","status":"publish","type":"page","link":"https:\/\/edeq.com.br\/wp\/41edeq\/local-do-evento\/","title":{"rendered":"Local do Evento"},"content":{"rendered":"\t\t<div data-elementor-type=\"wp-page\" data-elementor-id=\"22\" class=\"elementor elementor-22\">\n\t\t\t\t\t\t<section class=\"elementor-section elementor-top-section elementor-element elementor-element-0161573 elementor-section-boxed elementor-section-height-default elementor-section-height-default\" data-id=\"0161573\" data-element_type=\"section\">\n\t\t\t\t\t\t<div class=\"elementor-container elementor-column-gap-default\">\n\t\t\t\t\t<div class=\"elementor-column elementor-col-100 elementor-top-column elementor-element elementor-element-b9c1749\" data-id=\"b9c1749\" data-element_type=\"column\">\n\t\t\t<div class=\"elementor-widget-wrap elementor-element-populated\">\n\t\t\t\t\t\t<div class=\"elementor-element elementor-element-16aa995 elementor-widget elementor-widget-heading\" data-id=\"16aa995\" data-element_type=\"widget\" data-widget_type=\"heading.default\">\n\t\t\t\t<div class=\"elementor-widget-container\">\n\t\t\t\t\t<h2 class=\"elementor-heading-title elementor-size-default\">Como chegar ao 41\u00ba EDEQ<\/h2>\t\t\t\t<\/div>\n\t\t\t\t<\/div>\n\t\t\t\t\t<\/div>\n\t\t<\/div>\n\t\t\t\t\t<\/div>\n\t\t<\/section>\n\t\t\t\t<section class=\"elementor-section elementor-top-section elementor-element elementor-element-93de7a9 elementor-section-boxed elementor-section-height-default elementor-section-height-default\" data-id=\"93de7a9\" data-element_type=\"section\">\n\t\t\t\t\t\t<div class=\"elementor-container elementor-column-gap-default\">\n\t\t\t\t\t<div class=\"elementor-column elementor-col-33 elementor-top-column elementor-element elementor-element-0e212b9\" data-id=\"0e212b9\" data-element_type=\"column\">\n\t\t\t<div class=\"elementor-widget-wrap\">\n\t\t\t\t\t\t\t<\/div>\n\t\t<\/div>\n\t\t\t\t<div class=\"elementor-column elementor-col-33 elementor-top-column elementor-element elementor-element-d69a0b7\" data-id=\"d69a0b7\" data-element_type=\"column\">\n\t\t\t<div class=\"elementor-widget-wrap elementor-element-populated\">\n\t\t\t\t\t\t<div class=\"elementor-element elementor-element-7710580 elementor-widget elementor-widget-text-editor\" data-id=\"7710580\" data-element_type=\"widget\" data-widget_type=\"text-editor.default\">\n\t\t\t\t<div class=\"elementor-widget-container\">\n\t\t\t\t\t\t\t\t\t<p>A edi\u00e7\u00e3o 41\u00b0 do Encontro de Debates sobre o Ensino de Qu\u00edmica (EDEQ) ocorrer\u00e1 em parceria entre UFPel e IFSul, em formato h\u00edbrido no Campus Universit\u00e1rio da Universidade Federal de Pelotas no Cap\u00e3o do Le\u00e3o-RS.<\/p>\t\t\t\t\t\t\t\t<\/div>\n\t\t\t\t<\/div>\n\t\t\t\t\t<\/div>\n\t\t<\/div>\n\t\t\t\t<div class=\"elementor-column elementor-col-33 elementor-top-column elementor-element elementor-element-d496e49\" data-id=\"d496e49\" data-element_type=\"column\">\n\t\t\t<div class=\"elementor-widget-wrap\">\n\t\t\t\t\t\t\t<\/div>\n\t\t<\/div>\n\t\t\t\t\t<\/div>\n\t\t<\/section>\n\t\t\t\t<section class=\"elementor-section elementor-top-section elementor-element elementor-element-7863d70 elementor-section-boxed elementor-section-height-default elementor-section-height-default\" data-id=\"7863d70\" data-element_type=\"section\">\n\t\t\t\t\t\t<div class=\"elementor-container elementor-column-gap-default\">\n\t\t\t\t\t<div class=\"elementor-column elementor-col-100 elementor-top-column elementor-element elementor-element-b2f4209\" data-id=\"b2f4209\" data-element_type=\"column\">\n\t\t\t<div class=\"elementor-widget-wrap elementor-element-populated\">\n\t\t\t\t\t\t\t<\/div>\n\t\t<\/div>\n\t\t\t\t\t<\/div>\n\t\t<\/section>\n\t\t\t\t<section class=\"elementor-section elementor-top-section elementor-element elementor-element-d36f480 elementor-section-boxed elementor-section-height-default elementor-section-height-default\" data-id=\"d36f480\" data-element_type=\"section\">\n\t\t\t\t\t\t<div class=\"elementor-container elementor-column-gap-default\">\n\t\t\t\t\t<div class=\"elementor-column elementor-col-33 elementor-top-column elementor-element elementor-element-005be0e\" data-id=\"005be0e\" data-element_type=\"column\">\n\t\t\t<div class=\"elementor-widget-wrap\">\n\t\t\t\t\t\t\t<\/div>\n\t\t<\/div>\n\t\t\t\t<div class=\"elementor-column elementor-col-33 elementor-top-column elementor-element elementor-element-31807b4\" data-id=\"31807b4\" data-element_type=\"column\">\n\t\t\t<div class=\"elementor-widget-wrap elementor-element-populated\">\n\t\t\t\t\t\t<div class=\"elementor-element elementor-element-5f8b7d4 elementor-widget elementor-widget-text-editor\" data-id=\"5f8b7d4\" data-element_type=\"widget\" data-widget_type=\"text-editor.default\">\n\t\t\t\t<div class=\"elementor-widget-container\">\n\t\t\t\t\t\t\t\t\t<p style=\"text-align: left;\"><strong>Pelotas<\/strong> \u00e9 uma cidade localizada na regi\u00e3o sul do Brasil, que \u00e9 conhecida como a <strong>Cidade do Doce<\/strong>, destaca-se pela gastronomia, pr\u00e9dios hist\u00f3ricos, paisagem natural, praia e clima frio.<\/p>\nMais do que ser a cidade do doce,\u00a0<strong>Pelotas \u00e9 a cidade da cultura e educa\u00e7\u00e3o.<\/strong> Atualmente, a cidade \u00e9 repleta de estudantes de gradua\u00e7\u00e3o e p\u00f3s-gradua\u00e7\u00e3o, os quais s\u00e3o respons\u00e1veis pela ess\u00eancia acad\u00eamica, cient\u00edfica, cultural e simb\u00f3lica do lugar.\n\nA cidade conta com cinco institui\u00e7\u00f5es de ensino superior, quatro escolas t\u00e9cnicas, dois teatros, uma biblioteca p\u00fablica, vinte e tr\u00eas museus, um aeroporto e um porto localizado \u00e0s margens do Canal S\u00e3o Gon\u00e7alo.\n<h5 style=\"margin: 0cm; font-size: 12pt; font-family: Calibri, sans-serif; color: #000000; letter-spacing: normal; text-align: justify; text-indent: 1cm;\"><u><b>Chegando a Pelotas:<\/b><\/u><\/h5>\n<p style=\"margin: 0cm; font-size: 12pt; font-family: Calibri, sans-serif; color: #000000; letter-spacing: normal; text-align: justify; text-indent: 1cm;\">O 41\u00ba EDEQ ser\u00e1 realizado no Campus Cap\u00e3o do Le\u00e3o da UFPel. Assim, para se chegar na cidade de Pelotas \u00e9 vi\u00e1vel o transporte via terrestre ou a\u00e9rea.<\/p>\n&nbsp;\n<p style=\"margin: 0cm; font-size: 12pt; font-family: Calibri, sans-serif; color: #000000; letter-spacing: normal; text-align: justify; text-indent: 1cm;\">O Aeroporto de Pelotas tem voos di\u00e1rios, pela manh\u00e3 e \u00e0 noite.<\/p>\n&nbsp;\n<p style=\"margin: 0cm; font-size: 12pt; font-family: Calibri, sans-serif; color: #000000; letter-spacing: normal; text-align: justify; text-indent: 1cm;\">A rodovi\u00e1ria de Pelotas recebe \u00f4nibus de v\u00e1rias regi\u00f5es do estado e direto do Uruguai.<\/p>\n&nbsp;\n<p style=\"margin: 0cm; font-size: 12pt; font-family: Calibri, sans-serif; color: #000000; letter-spacing: normal; text-align: justify; text-indent: 1cm;\">Em fun\u00e7\u00e3o dos pre\u00e7os da passagem a\u00e9rea, sugerimos que participantes de fora do Estado do RS venham via a\u00e9rea at\u00e9 Porto Alegre (Aeroporto Internacional Salgado Filho) e, de l\u00e1, sigam via terrestre a partir da Rodovi\u00e1ria de Porto Alegre para a Rodovi\u00e1ria de Pelotas.<\/p>\n&nbsp;\n<p style=\"margin: 0cm; font-size: 12pt; font-family: Calibri, sans-serif; color: #000000; letter-spacing: normal; text-align: justify; text-indent: 1cm;\">A rodovi\u00e1ria de Porto Alegre fica a cerca de 30 minutos do aeroporto. A rodovi\u00e1ria de Pelotas fica a cerca de 5 minutos do Centro da cidade e das op\u00e7\u00f5es de hot\u00e9is.<\/p>\n&nbsp;\n<p style=\"margin: 0cm; font-size: 12pt; font-family: Calibri, sans-serif; color: #000000; letter-spacing: normal; text-align: justify; text-indent: 1cm;\">A empresa que realiza o transporte rodovi\u00e1rio Porto Alegre &lt;-&gt; Pelotas \u00e9 a Expresso Embaixador ( <a style=\"color: #0563c1; text-decoration-line: underline;\" href=\"https:\/\/www.expressoembaixador.com.br\" target=\"_blank\" rel=\"noopener\">https:\/\/www.expressoembaixador.com.br<\/a> ). Os \u00f4nibus nesse trajeto s\u00e3o muito bons e confort\u00e1veis (especialmente o <i>Golden Class<\/i>, que \u00e9 um semileito). O trajeto \u00e9 direto (sem paradas), e dura cerca de 3h15min. Os \u00f4nibus, usualmente, contam com internet a bordo, \u00e1gua e banheiro.<\/p>\n&nbsp;\n<p style=\"margin: 0cm; font-size: 12pt; font-family: Calibri, sans-serif; color: #000000; letter-spacing: normal; text-align: justify; text-indent: 1cm;\"><u><b>Chegando no local de realiza\u00e7\u00e3o do 41\u00ba EDEQ:<\/b><\/u><\/p>\n<p style=\"margin: 0cm; font-size: 12pt; font-family: Calibri, sans-serif; color: #000000; letter-spacing: normal; text-align: justify; text-indent: 1cm;\">O 41\u00ba EDEQ ser\u00e1 realizado no Campus Cap\u00e3o do Le\u00e3o da UFPel.<\/p>\n&nbsp;\n<p style=\"margin: 0cm; font-size: 12pt; font-family: Calibri, sans-serif; color: #000000; letter-spacing: normal; text-align: justify; text-indent: 1cm;\">Como op\u00e7\u00f5es de deslocamento, h\u00e1, basicamente, quatro formas:<\/p>\n<p style=\"margin: 0cm; font-size: 12pt; font-family: Calibri, sans-serif; color: #000000; letter-spacing: normal; text-align: justify; text-indent: 1cm;\">1) ve\u00edculo pr\u00f3prio<\/p>\n<p style=\"margin: 0cm; font-size: 12pt; font-family: Calibri, sans-serif; color: #000000; letter-spacing: normal; text-align: justify; text-indent: 1cm;\">2) ve\u00edculo de aplicativo<\/p>\n<p style=\"margin: 0cm; font-size: 12pt; font-family: Calibri, sans-serif; color: #000000; letter-spacing: normal; text-align: justify; text-indent: 1cm;\">3) transporte coletivo<\/p>\n<p style=\"margin: 0cm; font-size: 12pt; font-family: Calibri, sans-serif; color: #000000; letter-spacing: normal; text-align: justify; text-indent: 1cm;\">4) \u00f4nibus disponibilizado pela organiza\u00e7\u00e3o do evento aos participantes<\/p>\n&nbsp;\n<p style=\"margin: 0cm; font-size: 12pt; font-family: Calibri, sans-serif; color: #000000; letter-spacing: normal; text-align: justify; text-indent: 1cm;\"><span style=\"text-decoration: underline;\"><i>1) Ve\u00edculo Pr\u00f3prio:<\/i><\/span><\/p>\n<p style=\"margin: 0cm; font-size: 12pt; font-family: Calibri, sans-serif; color: #000000; letter-spacing: normal; text-align: justify; text-indent: 1cm;\">O local de realiza\u00e7\u00e3o do 41\u00ba EDEQ fica a cerca de 20 minutos de carro do Centro de Pelotas. O mapa abaixo representa isso. \u00c9 poss\u00edvel clicar sobre ela para abrir o Google Maps.<\/p>\n<p style=\"margin: 0cm; font-size: 12pt; font-family: Calibri, sans-serif; color: #000000; letter-spacing: normal; text-align: justify; text-indent: 1cm;\"><strong><a href=\"https:\/\/www.google.com\/maps\/d\/u\/0\/edit?mid=14UUyvEsoM1ex7JRu6SlVHnl-xBVm2Ok&amp;usp=sharing\" target=\"_blank\" rel=\"noopener\"><img fetchpriority=\"high\" decoding=\"async\" class=\"aligncenter\" src=\"https:\/\/edeq.com.br\/wp\/41edeq\/wp-content\/uploads\/sites\/2\/2022\/09\/Captura-de-Tela-2022-09-08-a\u0300s-16.37.22-1024x487.png\" alt=\"\" width=\"580\" height=\"276\" \/><\/a><\/strong><\/p>\n<p style=\"margin: 0cm; font-size: 12pt; font-family: Calibri, sans-serif; color: #000000; letter-spacing: normal; text-indent: 1cm; text-align: center;\">(clique na imagem para acessar o trajeto no Google Maps)<\/p>\n&nbsp;\n<p style=\"margin: 0cm; font-size: 12pt; font-family: Calibri, sans-serif; color: #000000; letter-spacing: normal; text-align: justify; text-indent: 1cm;\"><span style=\"text-decoration: underline;\"><i>2) Ve\u00edculo de Aplicativo<\/i><\/span><\/p>\n<p style=\"margin: 0cm; font-size: 12pt; font-family: Calibri, sans-serif; color: #000000; letter-spacing: normal; text-align: justify; text-indent: 1cm;\"><span style=\"text-indent: 37.7953px;\">\u00c9 comum, tamb\u00e9m a utiliza\u00e7\u00e3o de aplicativos de transporte, como UBER e InDriver, ou taxi. Os valores m\u00e9dios variam entre R$20 e R$40.<\/span><\/p>\n&nbsp;\n<p style=\"margin: 0cm; font-size: 12pt; font-family: Calibri, sans-serif; color: #000000; letter-spacing: normal; text-align: justify; text-indent: 1cm;\"><span style=\"text-decoration: underline;\"><i>3) Transporte Coletivo<\/i><\/span><\/p>\n<p style=\"margin: 0cm; font-size: 12pt; font-family: Calibri, sans-serif; color: #000000; letter-spacing: normal; text-align: justify; text-indent: 1cm;\">Como op\u00e7\u00f5es de transporte, h\u00e1 a linha de \u00f4nibus urbano Santa Silvana, cujos hor\u00e1rios, tarifas e itiner\u00e1rios s\u00e3o acess\u00edveis em: <a style=\"color: #0563c1; text-decoration-line: underline;\" href=\"https:\/\/wp.ufpel.edu.br\/suinfra\/transporte-campus-capao-do-leao\/\" target=\"_blank\" rel=\"noopener\">https:\/\/wp.ufpel.edu.br\/suinfra\/transporte-campus-capao-do-leao\/<\/a><\/p>\n&nbsp;\n<p style=\"margin: 0cm; font-size: 12pt; font-family: Calibri, sans-serif; color: #000000; letter-spacing: normal; text-align: justify; text-indent: 1cm;\"><span style=\"text-decoration: underline;\"><i>4) \u00d4nibus do Evento<\/i><\/span><\/p>\n<p style=\"margin: 0cm; font-size: 12pt; font-family: Calibri, sans-serif; color: #000000; letter-spacing: normal; text-align: justify; text-indent: 1cm;\">A Organiza\u00e7\u00e3o do 41\u00ba EDEQ disponibilizar\u00e1, aos participantes inscritos (com o devido pagamento de inscri\u00e7\u00e3o) um transporte de apoio que partir\u00e1 do Centro de Pelotas (Pra\u00e7a do Mercado P\u00fablico, Pra\u00e7a Sete de Julho, 179, Centro, Pelotas-RS, Brasil &#8211; 96020-010), passando pela Faculdade de Medicina ( Av. Duque de Caxias, 250, Fragata,\nPelotas-RS, Brasil &#8211; 96030-000), at\u00e9 o local do evento. O local\u00a0<strong>priorit\u00e1rio de partida \u00e9 o Mercado P\u00fablico.<\/strong><\/p>\n&nbsp;\n<p style=\"margin: 0cm; font-size: 12pt; font-family: Calibri, sans-serif; color: #000000; letter-spacing: normal; text-align: justify; text-indent: 1cm;\">Ser\u00e3o disponibilizadas vagas em dois \u00f4nibus, as quais ser\u00e3o preenchidas por ordem de chegada aos pontos de partida (que contar\u00e1 com algu\u00e9m de nosso staff com a indica\u00e7\u00e3o e a listagem de participantes inscritos). <span style=\"text-decoration: underline;\">Se houver vagas ap\u00f3s a sa\u00edda do Mercado P\u00fablico, o \u00f4nibus passar\u00e1 pela FAMED. N\u00e3o havendo vagas, seguir\u00e1 diretamente para o evento.<\/span><\/p>\n&nbsp;\n<p style=\"margin: 0cm; font-size: 12pt; font-family: Calibri, sans-serif; color: #000000; letter-spacing: normal; text-align: justify; text-indent: 1cm;\">Os hor\u00e1rios desse transporte ser\u00e3o:<\/p>\n\n<table border=\"10\" width=\"433\">\n<tbody>\n<tr>\n<td colspan=\"2\" width=\"60%\">Sexta, 14\/10 &#8211; Trajeto: Mercado P\u00fablico de Pelotas &#8211; Campus<\/td>\n<\/tr>\n<tr>\n<td>\u00d4nibus 1:<\/td>\n<td>07:30<\/td>\n<\/tr>\n<tr>\n<td>\u00d4nibus 2:<\/td>\n<td>07:45<\/td>\n<\/tr>\n<tr>\n<td>\u00d4nibus 1:<\/td>\n<td>13:20<\/td>\n<\/tr>\n<tr>\n<td>\u00d4nibus 2:<\/td>\n<td>20:00<\/td>\n<\/tr>\n<tr>\n<td colspan=\"2\"><\/td>\n<\/tr>\n<tr>\n<td colspan=\"2\">Sexta, 14\/10 &#8211; Trajeto: Campus &#8211; Mercado P\u00fablico de Pelotas<\/td>\n<\/tr>\n<tr>\n<td>\u00d4nibus 1:<\/td>\n<td>12:30<\/td>\n<\/tr>\n<tr>\n<td>\u00d4nibus 1:<\/td>\n<td>19:45<\/td>\n<\/tr>\n<tr>\n<td>\u00d4nibus 1:<\/td>\n<td>a definir, ap\u00f3s a janta<\/td>\n<\/tr>\n<tr>\n<td>\u00d4nibus 2:<\/td>\n<td>a definir, ap\u00f3s a janta<\/td>\n<\/tr>\n<tr>\n<td colspan=\"2\"><\/td>\n<\/tr>\n<tr>\n<td colspan=\"2\">S\u00e1bado, 15\/10 &#8211; Trajeto: Mercado P\u00fablico de Pelotas &#8211; Campus<\/td>\n<\/tr>\n<tr>\n<td>\u00d4nibus 1:<\/td>\n<td>07:30<\/td>\n<\/tr>\n<tr>\n<td>\u00d4nibus 2:<\/td>\n<td>07:45<\/td>\n<\/tr>\n<tr>\n<td>\u00d4nibus 1:<\/td>\n<td>13:20<\/td>\n<\/tr>\n<tr>\n<td colspan=\"2\"><\/td>\n<\/tr>\n<tr>\n<td colspan=\"2\">S\u00e1bado, 15\/10 &#8211; Trajeto: Campus &#8211; Mercado P\u00fablico de Pelotas<\/td>\n<\/tr>\n<tr>\n<td>\u00d4nibus 1:<\/td>\n<td>12:30<\/td>\n<\/tr>\n<tr>\n<td>\u00d4nibus 1:<\/td>\n<td>20:00<\/td>\n<\/tr>\n<tr>\n<td>\u00d4nibus 2:<\/td>\n<td>20:30<\/td>\n<\/tr>\n<\/tbody>\n<\/table>\t\t\t\t\t\t\t\t<\/div>\n\t\t\t\t<\/div>\n\t\t\t\t\t<\/div>\n\t\t<\/div>\n\t\t\t\t<div class=\"elementor-column elementor-col-33 elementor-top-column elementor-element elementor-element-bc8872d\" data-id=\"bc8872d\" data-element_type=\"column\">\n\t\t\t<div class=\"elementor-widget-wrap elementor-element-populated\">\n\t\t\t\t\t\t<div class=\"elementor-element elementor-element-0e1d1f0 elementor-widget elementor-widget-wp-widget-recent-posts\" data-id=\"0e1d1f0\" data-element_type=\"widget\" data-widget_type=\"wp-widget-recent-posts.default\">\n\t\t\t\t<div class=\"elementor-widget-container\">\n\t\t\t\t\t\n\t\t\n\t\t<h5>\u00daltimas Not\u00edcias<\/h5><nav aria-label=\"\u00daltimas Not\u00edcias\">\n\t\t<ul>\n\t\t\t\t\t\t\t\t\t\t\t<li>\n\t\t\t\t\t<a href=\"https:\/\/edeq.com.br\/wp\/41edeq\/2023\/02\/23\/disponibilizados-certificados-do-41o-edeq\/\">Disponibilizados Certificados do 41\u00ba EDEQ<\/a>\n\t\t\t\t\t\t\t\t\t\t\t<span class=\"post-date\">23 de Fevereiro, 2023<\/span>\n\t\t\t\t\t\t\t\t\t<\/li>\n\t\t\t\t\t\t\t\t\t\t\t<li>\n\t\t\t\t\t<a href=\"https:\/\/edeq.com.br\/wp\/41edeq\/2022\/10\/25\/certificacoes-e-atestados-do-41o-edeq\/\">Certifica\u00e7\u00f5es e Atestados do 41\u00ba EDEQ<\/a>\n\t\t\t\t\t\t\t\t\t\t\t<span class=\"post-date\">25 de Outubro, 2022<\/span>\n\t\t\t\t\t\t\t\t\t<\/li>\n\t\t\t\t\t\t\t\t\t\t\t<li>\n\t\t\t\t\t<a href=\"https:\/\/edeq.com.br\/wp\/41edeq\/2022\/10\/11\/41o-edeq-informacoes-importantes\/\">41\u00ba EDEQ &#8211; Informa\u00e7\u00f5es Importantes<\/a>\n\t\t\t\t\t\t\t\t\t\t\t<span class=\"post-date\">11 de Outubro, 2022<\/span>\n\t\t\t\t\t\t\t\t\t<\/li>\n\t\t\t\t\t\t\t\t\t\t\t<li>\n\t\t\t\t\t<a href=\"https:\/\/edeq.com.br\/wp\/41edeq\/2022\/10\/07\/jantar-de-confraternizacao-minicursos-agendamento-de-trabalhos-e-onibus-para-o-evento%ef%bf%bc\/\">Jantar de Confraterniza\u00e7\u00e3o, Minicursos, Agendamento de Trabalhos e \u00d4nibus para o Evento\ufffc<\/a>\n\t\t\t\t\t\t\t\t\t\t\t<span class=\"post-date\">7 de Outubro, 2022<\/span>\n\t\t\t\t\t\t\t\t\t<\/li>\n\t\t\t\t\t\t\t\t\t\t\t<li>\n\t\t\t\t\t<a href=\"https:\/\/edeq.com.br\/wp\/41edeq\/2022\/10\/05\/divulgacao-dos-horarios-das-apresentacoes\/\">Divulga\u00e7\u00e3o dos hor\u00e1rios das apresenta\u00e7\u00f5es<\/a>\n\t\t\t\t\t\t\t\t\t\t\t<span class=\"post-date\">5 de Outubro, 2022<\/span>\n\t\t\t\t\t\t\t\t\t<\/li>\n\t\t\t\t\t<\/ul>\n\n\t\t<\/nav>\t\t\t\t<\/div>\n\t\t\t\t<\/div>\n\t\t\t\t\t<\/div>\n\t\t<\/div>\n\t\t\t\t\t<\/div>\n\t\t<\/section>\n\t\t\t\t<section class=\"elementor-section elementor-top-section elementor-element elementor-element-795e7d9 elementor-section-boxed elementor-section-height-default elementor-section-height-default\" data-id=\"795e7d9\" data-element_type=\"section\">\n\t\t\t\t\t\t<div class=\"elementor-container elementor-column-gap-default\">\n\t\t\t\t\t<div class=\"elementor-column elementor-col-33 elementor-top-column elementor-element elementor-element-948591c\" data-id=\"948591c\" data-element_type=\"column\">\n\t\t\t<div class=\"elementor-widget-wrap elementor-element-populated\">\n\t\t\t\t\t\t<div class=\"elementor-element elementor-element-b286c1c elementor-widget elementor-widget-image\" data-id=\"b286c1c\" data-element_type=\"widget\" data-widget_type=\"image.default\">\n\t\t\t\t<div class=\"elementor-widget-container\">\n\t\t\t\t\t\t\t\t\t\t\t\t\t\t\t<img decoding=\"async\" width=\"580\" height=\"524\" src=\"https:\/\/edeq.com.br\/wp\/41edeq\/wp-content\/uploads\/sites\/2\/2022\/05\/DSCF2019-1024x926.jpg\" class=\"attachment-large size-large wp-image-439\" alt=\"\" srcset=\"https:\/\/edeq.com.br\/wp\/41edeq\/wp-content\/uploads\/sites\/2\/2022\/05\/DSCF2019-1024x926.jpg 1024w, https:\/\/edeq.com.br\/wp\/41edeq\/wp-content\/uploads\/sites\/2\/2022\/05\/DSCF2019-300x271.jpg 300w, https:\/\/edeq.com.br\/wp\/41edeq\/wp-content\/uploads\/sites\/2\/2022\/05\/DSCF2019-768x694.jpg 768w, https:\/\/edeq.com.br\/wp\/41edeq\/wp-content\/uploads\/sites\/2\/2022\/05\/DSCF2019-1536x1389.jpg 1536w, https:\/\/edeq.com.br\/wp\/41edeq\/wp-content\/uploads\/sites\/2\/2022\/05\/DSCF2019-1200x1085.jpg 1200w, https:\/\/edeq.com.br\/wp\/41edeq\/wp-content\/uploads\/sites\/2\/2022\/05\/DSCF2019.jpg 1556w\" sizes=\"(max-width: 580px) 100vw, 580px\" \/>\t\t\t\t\t\t\t\t\t\t\t\t\t\t\t<\/div>\n\t\t\t\t<\/div>\n\t\t\t\t\t<\/div>\n\t\t<\/div>\n\t\t\t\t<div class=\"elementor-column elementor-col-33 elementor-top-column elementor-element elementor-element-624e8f1\" data-id=\"624e8f1\" data-element_type=\"column\">\n\t\t\t<div class=\"elementor-widget-wrap elementor-element-populated\">\n\t\t\t\t\t\t<div class=\"elementor-element elementor-element-869ee9e elementor-widget elementor-widget-image\" data-id=\"869ee9e\" data-element_type=\"widget\" data-widget_type=\"image.default\">\n\t\t\t\t<div class=\"elementor-widget-container\">\n\t\t\t\t\t\t\t\t\t\t\t\t\t\t\t<img decoding=\"async\" width=\"580\" height=\"438\" src=\"https:\/\/edeq.com.br\/wp\/41edeq\/wp-content\/uploads\/sites\/2\/2022\/05\/ifsul-campus-pelotas.jpg\" class=\"attachment-large size-large wp-image-445\" alt=\"\" srcset=\"https:\/\/edeq.com.br\/wp\/41edeq\/wp-content\/uploads\/sites\/2\/2022\/05\/ifsul-campus-pelotas.jpg 795w, https:\/\/edeq.com.br\/wp\/41edeq\/wp-content\/uploads\/sites\/2\/2022\/05\/ifsul-campus-pelotas-300x226.jpg 300w, https:\/\/edeq.com.br\/wp\/41edeq\/wp-content\/uploads\/sites\/2\/2022\/05\/ifsul-campus-pelotas-768x580.jpg 768w\" sizes=\"(max-width: 580px) 100vw, 580px\" \/>\t\t\t\t\t\t\t\t\t\t\t\t\t\t\t<\/div>\n\t\t\t\t<\/div>\n\t\t\t\t\t<\/div>\n\t\t<\/div>\n\t\t\t\t<div class=\"elementor-column elementor-col-33 elementor-top-column elementor-element elementor-element-0b17dc7\" data-id=\"0b17dc7\" data-element_type=\"column\">\n\t\t\t<div class=\"elementor-widget-wrap elementor-element-populated\">\n\t\t\t\t\t\t<div class=\"elementor-element elementor-element-ec822d2 elementor-widget elementor-widget-image\" data-id=\"ec822d2\" data-element_type=\"widget\" data-widget_type=\"image.default\">\n\t\t\t\t<div class=\"elementor-widget-container\">\n\t\t\t\t\t\t\t\t\t\t\t\t\t\t\t<img loading=\"lazy\" decoding=\"async\" width=\"580\" height=\"384\" src=\"https:\/\/edeq.com.br\/wp\/41edeq\/wp-content\/uploads\/sites\/2\/2022\/05\/DSC_4047.jpg\" class=\"attachment-large size-large wp-image-447\" alt=\"\" srcset=\"https:\/\/edeq.com.br\/wp\/41edeq\/wp-content\/uploads\/sites\/2\/2022\/05\/DSC_4047.jpg 1024w, https:\/\/edeq.com.br\/wp\/41edeq\/wp-content\/uploads\/sites\/2\/2022\/05\/DSC_4047-300x199.jpg 300w, https:\/\/edeq.com.br\/wp\/41edeq\/wp-content\/uploads\/sites\/2\/2022\/05\/DSC_4047-768x509.jpg 768w\" sizes=\"(max-width: 580px) 100vw, 580px\" \/>\t\t\t\t\t\t\t\t\t\t\t\t\t\t\t<\/div>\n\t\t\t\t<\/div>\n\t\t\t\t\t<\/div>\n\t\t<\/div>\n\t\t\t\t\t<\/div>\n\t\t<\/section>\n\t\t\t\t<\/div>\n\t\t","protected":false},"excerpt":{"rendered":"<p>Como chegar ao 41\u00ba EDEQ A edi\u00e7\u00e3o 41\u00b0 do Encontro de Debates sobre o Ensino de Qu\u00edmica (EDEQ) ocorrer\u00e1 em parceria entre UFPel e IFSul, em formato h\u00edbrido no Campus Universit\u00e1rio da Universidade Federal de Pelotas no Cap\u00e3o do Le\u00e3o-RS. Pelotas \u00e9 uma cidade localizada na regi\u00e3o sul do Brasil, que \u00e9 conhecida como a [&hellip;]<\/p>\n","protected":false},"author":1,"featured_media":0,"parent":0,"menu_order":0,"comment_status":"closed","ping_status":"closed","template":"elementor_canvas","meta":{"footnotes":""},"class_list":["post-22","page","type-page","status-publish","hentry"],"_links":{"self":[{"href":"https:\/\/edeq.com.br\/wp\/41edeq\/wp-json\/wp\/v2\/pages\/22","targetHints":{"allow":["GET"]}}],"collection":[{"href":"https:\/\/edeq.com.br\/wp\/41edeq\/wp-json\/wp\/v2\/pages"}],"about":[{"href":"https:\/\/edeq.com.br\/wp\/41edeq\/wp-json\/wp\/v2\/types\/page"}],"author":[{"embeddable":true,"href":"https:\/\/edeq.com.br\/wp\/41edeq\/wp-json\/wp\/v2\/users\/1"}],"replies":[{"embeddable":true,"href":"https:\/\/edeq.com.br\/wp\/41edeq\/wp-json\/wp\/v2\/comments?post=22"}],"version-history":[{"count":73,"href":"https:\/\/edeq.com.br\/wp\/41edeq\/wp-json\/wp\/v2\/pages\/22\/revisions"}],"predecessor-version":[{"id":1232,"href":"https:\/\/edeq.com.br\/wp\/41edeq\/wp-json\/wp\/v2\/pages\/22\/revisions\/1232"}],"wp:attachment":[{"href":"https:\/\/edeq.com.br\/wp\/41edeq\/wp-json\/wp\/v2\/media?parent=22"}],"curies":[{"name":"wp","href":"https:\/\/api.w.org\/{rel}","templated":true}]}}